{"id":11,"date":"2018-11-01T15:27:20","date_gmt":"2018-11-01T14:27:20","guid":{"rendered":"http:\/\/www.quarterforfear.de\/?page_id=11"},"modified":"2024-02-22T07:01:59","modified_gmt":"2024-02-22T06:01:59","slug":"impressum","status":"publish","type":"page","link":"https:\/\/www.orage-band.de\/?page_id=11","title":{"rendered":"Impressum"},"content":{"rendered":"<h1 class=\"adsimple-321101998\">Impressum<\/h1>\n<p class=\"adsimple-321101998\">Informationspflicht laut \u00a7 5 TMG.<\/p>\n<p>Matthias Schumann<\/p>\n<p class=\"adsimple-321101998\">Hirschweg 10,<br>44869 Bochum,<br>Deutschland<\/p>\n<p class=\"adsimple-321101998\"><strong>Tel.:<\/strong> 017632507375<br><strong>E-Mail:<\/strong> <a href=\"mailto:info@quarterforfear.de\">info@orage-band.de<\/a><\/p>\n<p>Quelle: Erstellt&nbsp;mit dem <a title=\"Impressum Generator Deutschland\" href=\"https:\/\/www.adsimple.de\/impressum-generator\/\" target=\"_blank\" rel=\"follow noopener\">Impressum Generator<\/a> von AdSimple&nbsp;in Kooperation mit <a title=\"\" href=\"https:\/\/www.testingly.de\" target=\"_blank\" rel=\"follow noopener\">testingly.de<\/a><\/p>\n<h2 class=\"adsimple-321101998\">EU-Streitschlichtung<\/h2>\n<p>Gem\u00e4\u00df Verordnung \u00fcber Online-Streitbeilegung in Verbraucherangelegenheiten (ODR-Verordnung) m\u00f6chten wir Sie \u00fcber die Online-Streitbeilegungsplattform (OS-Plattform) informieren.<br>Verbraucher haben die M\u00f6glichkeit, Beschwerden an die Online Streitbeilegungsplattform der Europ\u00e4ischen Kommission unter <a class=\"adsimple-321101998\" href=\"https:\/\/ec.europa.eu\/consumers\/odr\/main\/index.cfm?event=main.home2.show&amp;lng=DE\" target=\"_blank\" rel=\"noopener\">http:\/\/ec.europa.eu\/odr?tid=321101998<\/a> zu richten. Die daf\u00fcr notwendigen Kontaktdaten finden Sie oberhalb in unserem Impressum.<\/p>\n<p>Wir m\u00f6chten Sie jedoch darauf hinweisen, dass wir nicht bereit oder verpflichtet sind, an Streitbeilegungsverfahren vor einer Verbraucherschlichtungsstelle teilzunehmen.<\/p>\n<h2 class=\"adsimple-321101998\">Haftung f\u00fcr Inhalte dieser Website<\/h2>\n<p>Wir entwickeln die Inhalte dieser Webseite st\u00e4ndig weiter und bem\u00fchen uns korrekte und aktuelle Informationen bereitzustellen. Laut Telemediengesetz <a class=\"adsimple-321101998\" href=\"https:\/\/www.gesetze-im-internet.de\/tmg\/__7.html?tid=321101998\" target=\"_blank\" rel=\"noopener\">(TMG) \u00a77 (1)<\/a> sind wir als Diensteanbieter f\u00fcr eigene Informationen, die wir zur Nutzung bereitstellen, nach den allgemeinen Gesetzen verantwortlich. Leider k\u00f6nnen wir keine Haftung f\u00fcr die Korrektheit aller Inhalte auf dieser Webseite \u00fcbernehmen, speziell f\u00fcr jene die seitens Dritter bereitgestellt wurden. Als Diensteanbieter im Sinne der \u00a7\u00a7 8 bis 10 sind wir nicht verpflichtet, die von ihnen \u00fcbermittelten oder gespeicherten Informationen zu \u00fcberwachen oder nach Umst\u00e4nden zu forschen, die auf eine rechtswidrige T\u00e4tigkeit hinweisen.<\/p>\n<p>Unsere Verpflichtungen zur Entfernung von Informationen oder zur Sperrung der Nutzung von Informationen nach den allgemeinen Gesetzen aufgrund von gerichtlichen oder beh\u00f6rdlichen Anordnungen bleiben auch im Falle unserer Nichtverantwortlichkeit nach den \u00a7\u00a7 8 bis 10 unber\u00fchrt.<\/p>\n<p>Sollten Ihnen problematische oder rechtswidrige Inhalte auffallen, bitte wir Sie uns umgehend zu kontaktieren, damit wir die rechtswidrigen Inhalte entfernen k\u00f6nnen. Sie finden die Kontaktdaten im Impressum.<\/p>\n<h2 class=\"adsimple-321101998\">Haftung f\u00fcr Links auf dieser Website<\/h2>\n<p>Unsere Webseite enth\u00e4lt Links zu anderen Webseiten f\u00fcr deren Inhalt wir nicht verantwortlich sind. Haftung f\u00fcr verlinkte Websites besteht f\u00fcr uns nicht, da wir keine Kenntnis rechtswidriger T\u00e4tigkeiten hatten und haben, uns solche Rechtswidrigkeiten auch bisher nicht aufgefallen sind und wir Links sofort entfernen w\u00fcrden, wenn uns Rechtswidrigkeiten bekannt werden.<\/p>\n<p>Wenn Ihnen rechtswidrige Links auf unserer Website auffallen, bitte wir Sie uns zu kontaktieren. Sie finden die Kontaktdaten im Impressum.<\/p>\n<h2 class=\"adsimple-321101998\">Urheberrechtshinweis<\/h2>\n<p>Alle Inhalte dieser Webseite (Bilder, Fotos, Texte, Videos) unterliegen dem Urheberrecht der Bundesrepublik Deutschland. Bitte fragen Sie uns bevor Sie die Inhalte dieser Website verbreiten, vervielf\u00e4ltigen oder verwerten wie zum Beispiel auf anderen Websites erneut ver\u00f6ffentlichen. Falls notwendig, werden wir die unerlaubte Nutzung von Teilen der Inhalte unserer Seite rechtlich verfolgen.<\/p>\n<p>Sollten Sie auf dieser Webseite Inhalte finden, die das Urheberrecht verletzen, bitten wir Sie uns zu kontaktieren.<\/p>\n<h2 class=\"adsimple-321101998\">Bildernachweis<\/h2>\n<p>Die Bilder, Fotos und Grafiken auf dieser Webseite sind urheberrechtlich gesch\u00fctzt.<\/p>\n<p>Die Bilderrechte liegen bei den folgenden Fotografen und Unternehmen:<\/p>\n<ul class=\"adsimple-321101998\">\n<li class=\"adsimple-321101998\">Fotograf Mustermann<\/li>\n<\/ul>\n<h1 class=\"adsimple-321101998\">Datenschutzerkl\u00e4rung<\/h1>\n<h2 class=\"adsimple-321101998\">Datenschutz<\/h2>\n<p>Wir haben diese Datenschutzerkl\u00e4rung (Fassung 12.05.2019-321101998) verfasst, um Ihnen gem\u00e4\u00df der Vorgaben der <a class=\"adsimple-321101998\" href=\"https:\/\/eur-lex.europa.eu\/legal-content\/DE\/ALL\/?tid=1234&amp;uri=celex%3A32016R0679&amp;tid=321101998\" target=\"_blank\" rel=\"noopener\">Datenschutz-Grundverordnung (EU) 2016\/679<\/a> zu erkl\u00e4ren, welche Informationen wir sammeln, wie wir Daten verwenden und welche Entscheidungsm\u00f6glichkeiten Sie als Besucher dieser Webseite haben.<\/p>\n<p>Leider liegt es in der Natur der Sache, dass diese Erkl\u00e4rungen sehr technisch klingen, wir haben uns bei der Erstellung jedoch bem\u00fcht die wichtigsten Dinge so einfach und klar wie m\u00f6glich zu beschreiben.<\/p>\n<h2 class=\"adsimple-321101998\">Automatische Datenspeicherung<\/h2>\n<p>Wenn Sie heutzutage Webseiten besuchen, werden gewisse Informationen automatisch erstellt und gespeichert, so auch auf dieser Webseite.<\/p>\n<p>Wenn Sie unsere Webseite so wie jetzt gerade besuchen, speichert unser Webserver (Computer auf dem diese Webseite gespeichert ist) automatisch Daten wie<\/p>\n<ul class=\"adsimple-321101998\">\n<li class=\"adsimple-321101998\">die Adresse (URL) der aufgerufenen Webseite<\/li>\n<li class=\"adsimple-321101998\">Browser und Browserversion<\/li>\n<li class=\"adsimple-321101998\">das verwendete Betriebssystem<\/li>\n<li class=\"adsimple-321101998\">die Adresse (URL) der zuvor besuchten Seite (Referrer URL)<\/li>\n<li class=\"adsimple-321101998\">den Hostname und die IP-Adresse des Ger\u00e4ts von welchem aus zugegriffen wird<\/li>\n<li class=\"adsimple-321101998\">Datum und Uhrzeit<\/li>\n<\/ul>\n<p>in Dateien (Webserver-Logfiles).<\/p>\n<p>In der Regel werden Webserver-Logfiles zwei Wochen gespeichert und danach automatisch gel\u00f6scht. Wir geben diese Daten nicht weiter, k\u00f6nnen jedoch nicht ausschlie\u00dfen, dass diese Daten beim Vorliegen von rechtswidrigem Verhalten eingesehen werden.<br>Die Rechtsgrundlage besteht nach <a class=\"adsimple-321101998\" href=\"https:\/\/eur-lex.europa.eu\/legal-content\/DE\/TXT\/HTML\/?uri=CELEX:32016R0679&amp;from=DE&amp;tid=321101998\" target=\"_blank\" rel=\"noopener\">Artikel 6&nbsp; Absatz 1 f DSGVO<\/a> (Rechtm\u00e4\u00dfigkeit der Verarbeitung) darin, dass berechtigtes Interesse daran besteht, den fehlerfreien Betrieb dieser Webseite durch das Erfassen von Webserver-Logfiles zu erm\u00f6glichen.<\/p>\n<h2 class=\"adsimple-321101998\">Speicherung pers\u00f6nlicher Daten<\/h2>\n<p>Pers\u00f6nliche Daten, die Sie uns auf dieser Website elektronisch \u00fcbermitteln, wie zum Beispiel Name, E-Mail-Adresse, Adresse oder andere pers\u00f6nlichen Angaben im Rahmen der \u00dcbermittlung eines Formulars oder Kommentaren im Blog, werden von uns gemeinsam mit dem Zeitpunkt und der IP-Adresse nur zum jeweils angegebenen Zweck verwendet, sicher verwahrt und nicht an Dritte weitergegeben.<\/p>\n<p>Wir nutzen Ihre pers\u00f6nlichen Daten somit nur f\u00fcr die Kommunikation mit jenen Besuchern, die Kontakt ausdr\u00fccklich w\u00fcnschen und f\u00fcr die Abwicklung der auf dieser Webseite angebotenen Dienstleistungen und Produkte. Wir geben Ihre pers\u00f6nlichen Daten ohne Zustimmung nicht weiter, k\u00f6nnen jedoch nicht ausschlie\u00dfen, dass diese Daten beim Vorliegen von rechtswidrigem Verhalten eingesehen werden.<\/p>\n<p>Wenn Sie uns pers\u00f6nliche Daten per E-Mail schicken \u2013 somit abseits dieser Webseite \u2013 k\u00f6nnen wir keine sichere \u00dcbertragung und den Schutz Ihrer Daten garantieren. Wir empfehlen Ihnen, vertrauliche Daten niemals unverschl\u00fcsselt per E-Mail zu \u00fcbermitteln.<\/p>\n<p>Die Rechtsgrundlage besteht nach <a class=\"adsimple-321101998\" href=\"https:\/\/eur-lex.europa.eu\/legal-content\/DE\/TXT\/HTML\/?uri=CELEX:32016R0679&amp;from=DE&amp;tid=321101998\" target=\"_blank\" rel=\"noopener\">Artikel 6&nbsp; Absatz 1 a DSGVO<\/a> (Rechtm\u00e4\u00dfigkeit der Verarbeitung) darin, dass Sie uns die Einwilligung zur Verarbeitung der von Ihnen eingegebenen Daten geben. Sie k\u00f6nnen diesen Einwilligung jederzeit widerrufen \u2013 eine formlose E-Mail reicht aus, Sie finden unsere Kontaktdaten im Impressum.<\/p>\n<h2 class=\"adsimple-321101998\">Rechte laut Datenschutzgrundverordnung<\/h2>\n<p>Ihnen stehen laut den Bestimmungen der DSGVO grunds\u00e4tzlich die folgende Rechte zu:<\/p>\n<ul class=\"adsimple-321101998\">\n<li class=\"adsimple-321101998\">Recht auf Berichtung (Artikel 16 DSGVO)<\/li>\n<li class=\"adsimple-321101998\">Recht auf L\u00f6schung (\u201eRecht auf Vergessenwerden\u201c) (Artikel 17 DSGVO)<\/li>\n<li class=\"adsimple-321101998\">Recht auf Einschr\u00e4nkung der Verarbeitung (Artikel 18 DSGVO)<\/li>\n<li class=\"adsimple-321101998\">Recht auf Benachrichtigung \u2013 Mitteilungspflicht im Zusammenhang mit der Berichtigung oder L\u00f6schung personenbezogener Daten oder der Einschr\u00e4nkung der Verarbeitung (Artikel 19 DSGVO)<\/li>\n<li class=\"adsimple-321101998\">Recht auf Daten\u00fcbertragbarkeit (Artikel 20 DSGVO)<\/li>\n<li class=\"adsimple-321101998\">Widerspruchsrecht (Artikel 21 DSGVO)<\/li>\n<li class=\"adsimple-321101998\">Recht, nicht einer ausschlie\u00dflich auf einer automatisierten Verarbeitung \u2014 einschlie\u00dflich Profiling \u2014 beruhenden Entscheidung unterworfen zu werden (Artikel 22 DSGVO)<\/li>\n<\/ul>\n<p>Wenn Sie glauben, dass die Verarbeitung Ihrer Daten gegen das Datenschutzrecht verst\u00f6\u00dft oder Ihre datenschutzrechtlichen Anspr\u00fcche sonst in einer Weise verletzt worden sind, k\u00f6nnen Sie sich an die <a class=\"adsimple-321101998\" href=\"https:\/\/www.bfdi.bund.de\/DE\/Datenschutz\/Ueberblick\/MeineRechte\/Artikel\/BeschwerdeBeiDatenschutzbehoereden.html?tid=321101998\" target=\"_blank\" rel=\"noopener\">Bundesbeauftragte f\u00fcr den Datenschutz und die Informationsfreiheit (BfDI)<\/a> wenden.<\/p>\n<h2 class=\"adsimple-321101998\">Cookies<\/h2>\n<p>Unsere Website verwendet HTTP-Cookies um nutzerspezifische Daten zu speichern.<br>Ein Cookie ist ein kurzes Datenpaket, welches zwischen Webbrowser und Webserver ausgetauscht wird, f\u00fcr diese aber v\u00f6llig bedeutungslos ist und erst f\u00fcr die Webanwendung, z. B. einen Online-Shop, eine Bedeutung erh\u00e4lt, etwa den Inhalt eines virtuellen Warenkorbes.<\/p>\n<p>Es gibt zwei Arten von Cookies: Erstanbieter-Cookies werden von unserer Website erstellt, Drittanbieter-Cookies werden von anderen Websites (z. B. Google Analytics) erstellt.<br>Beispielhafte Cookiedaten:<\/p>\n<ul class=\"adsimple-321101998\">\n<li class=\"adsimple-321101998\">Name: _ga<\/li>\n<li class=\"adsimple-321101998\">Ablaufzeit: 2 Jahre<\/li>\n<li class=\"adsimple-321101998\">Verwendung: Unterscheidung der Webseitenbesucher<\/li>\n<li class=\"adsimple-321101998\">Beispielhafter Wert:&nbsp;GA1.2.1326744211.152321101998<\/li>\n<\/ul>\n<p>Man unterscheidet drei Kategorien von Cookies: unbedingt notwendige Cookies um grundlegende Funktionen der Website sicherzustellen, funktionelle Cookies um die Leistung der Webseite sicherzustellen und zielorientierte Cookies um das Benutzererlebnis zu verbessern.<\/p>\n<p>Wir nutzen Cookies, um unsere Webseite nutzerfreundlicher zu gestalten. Einige Cookies bleiben auf Ihrem Endger\u00e4t gespeichert, bis Sie diese l\u00f6schen. Sie erm\u00f6glichen es uns, Ihren Browser beim n\u00e4chsten Besuch wiederzuerkennen.<\/p>\n<h3 class=\"adsimple-321101998\">Cookie Einstellungen sehen und Cookies l\u00f6schen<\/h3>\n<p>Wenn Sie feststellen m\u00f6chten, welche Cookies in Ihrem Browser gespeichert wurden, Cookie-Einstellungen \u00e4ndern oder Cookies l\u00f6schen m\u00f6chten, k\u00f6nnen Sie dies in Ihren Browser-Einstellungen finden:<\/p>\n<ul class=\"adsimple-321101998\">\n<li class=\"adsimple-321101998\"><a class=\"adsimple-321101998\" href=\"https:\/\/support.apple.com\/de-de\/guide\/safari\/sfri11471\/mac\" target=\"_blank\" rel=\"noopener\">Safari: Verwalten von Cookies und Websitedaten mit Safari<\/a><\/li>\n<li class=\"adsimple-321101998\"><a class=\"adsimple-321101998\" href=\"https:\/\/support.mozilla.org\/de\/kb\/cookies-loeschen-daten-von-websites-entfernen\" target=\"_blank\" rel=\"noopener\">Firefox: Cookies l\u00f6schen, um Daten zu entfernen, die Websites auf Ihrem Computer abgelegt haben<\/a><\/li>\n<li class=\"adsimple-321101998\"><a class=\"adsimple-321101998\" href=\"https:\/\/support.google.com\/chrome\/answer\/95647?co=GENIE.Platform%3DDesktop&amp;hl=de\" target=\"_blank\" rel=\"noopener\">Chrome: Cookies in Chrome l\u00f6schen, aktivieren und verwalten<\/a><\/li>\n<li class=\"adsimple-321101998\"><a class=\"adsimple-321101998\" href=\"https:\/\/support.microsoft.com\/de-de\/help\/17442\/windows-internet-explorer-delete-manage-cookies\" target=\"_blank\" rel=\"noopener\">Internet Explorer: L\u00f6schen und Verwalten von Cookies<\/a><\/li>\n<\/ul>\n<p>Wenn Sie die Speicherung von Daten in Cookies nicht w\u00fcnschen, so k\u00f6nnen Sie Ihren Browser so einrichten, dass er Sie \u00fcber das Setzen von Cookies informiert und Sie dies nur im Einzelfall erlauben.&nbsp;Sie k\u00f6nnen jederzeit Cookies, die sich bereits auf Ihrem Computer befinden, l\u00f6schen oder Cookies deaktivieren. Die Vorgangsweise dazu ist nach Browser unterschiedlich, am besten Sie suchen die Anleitung in Google mit dem Suchbegriff \u201cCookies l\u00f6schen Chrome\u201d oder \u201cCookies deaktivieren Chrome\u201d im Falle eines Chrome Browsers oder tauschen das Wort \u201cChrome\u201d gegen den Namen Ihres Browsers, z. B. Edge, Firefox, Safari aus.<br>Wenn Sie uns generell nicht gestatten, Cookies zu nutzen, d.h. diese per Browsereinstellung deaktivieren, k\u00f6nnen manche Funktionen und Seiten nicht wie erwartet funktionieren.<\/p>\n<h2 class=\"adsimple-321101998\">Eingebettete Social Media Elemente Datenschutzerkl\u00e4rung<\/h2>\n<p>Wir binden auf unserer Webseite Elemente von Social Media Diensten ein um Bilder, Videos und Texte anzuzeigen.<br>Durch den Besuch von Seiten die diese Elemente darstellen, werden Daten von Ihrem Browser zum jeweiligen Social Media Dienst \u00fcbertragen und dort gespeichert. Wir haben keinen Zugriff auf diese Daten.<br>Die folgenden Links f\u00fchren Sie zu den Seiten der jeweiligen Social Media Dienste wo erkl\u00e4rt wird, wie diese mit Ihren Daten umgehen:<\/p>\n<ul class=\"adsimple-321101998\">\n<li class=\"adsimple-321101998\">Instagram-Datenschutzrichtlinie: <a class=\"adsimple-321101998\" href=\"https:\/\/help.instagram.com\/519522125107875?tid=321101998\" target=\"_blank\" rel=\"noopener\">https:\/\/help.instagram.com\/519522125107875<\/a><\/li>\n<li class=\"adsimple-321101998\">F\u00fcr YouTube gilt die Google Datenschutzerkl\u00e4rung: <a class=\"adsimple-321101998\" href=\"https:\/\/policies.google.com\/privacy?hl=de&amp;tid=321101998\" target=\"_blank\" rel=\"noopener\">https:\/\/policies.google.com\/privacy?hl=de<\/a><\/li>\n<li class=\"adsimple-321101998\">Facebook-Datenrichtline:&nbsp;<a class=\"adsimple-321101998\" href=\"https:\/\/www.facebook.com\/about\/privacy?tid=321101998\" target=\"_blank\" rel=\"noopener\">https:\/\/www.facebook.com\/about\/privacy<\/a><\/li>\n<li class=\"adsimple-321101998\">Twitter Datenschutzrichtlinie:&nbsp;<a class=\"adsimple-321101998\" href=\"https:\/\/twitter.com\/de\/privacy?tid=321101998\" target=\"_blank\" rel=\"noopener\">https:\/\/twitter.com\/de\/privacy<\/a><\/li>\n<\/ul>\n<h2 class=\"adsimple-321101998\">Facebook Datenschutzerkl\u00e4rung<\/h2>\n<p>Wir verwenden auf dieser Webseite Funktionen von Facebook, einem Social Media Network der Firma Facebook Ireland Ltd., 4 Grand Canal Square, Grand Canal Harbour, Dublin 2 Ireland.<br>Welche Funktionen (Soziale Plug-ins) Facebook bereitstellt, k\u00f6nnen Sie auf <a class=\"adsimple-321101998\" href=\"https:\/\/developers.facebook.com\/docs\/plugins\/\">https:\/\/developers.facebook.com\/docs\/plugins\/<\/a> nachlesen.<br>Durch den Besuch unserer Webseite k\u00f6nnen Informationen an Facebook \u00fcbermittelt werden. Wenn Sie \u00fcber ein Facebook-Konto verf\u00fcgen, kann Facebook diese Daten Ihrem pers\u00f6nlichen Konto zuordnen. Sollten Sie das nicht w\u00fcnschen, melden Sie sich bitte von Facebook ab.<br>Die Datenschutzrichtlinien, welche Informationen Facebook sammelt und wie sie diese verwenden finden Sie auf <a class=\"adsimple-321101998\" href=\"https:\/\/www.facebook.com\/policy.php\">https:\/\/www.facebook.com\/policy.php<\/a>.<\/p>\n<h2 class=\"adsimple-321101998\">Instagram Datenschutzerkl\u00e4rung<\/h2>\n<p>Wir verwenden auf unserer Webseite Funktionen des Social Media Netzwerks Instagram der Firma Instagram LLC, 1601 Willow Rd, Menlo Park CA 94025, USA.<\/p>\n<p>Mit den Funktionen zum Einbetten von Instagram-Inhalten (Embed-Funktion) k\u00f6nnen wir Bilder und Videos anzeigen.<\/p>\n<p>Durch den Aufruf von Seiten die solche Funktionen nutzen werden Daten (IP-Adresse, Browserdaten, Datum, Uhrzeit, Cookies) an Instagram \u00fcbermittelt, gespeichert und ausgewertet.<\/p>\n<p>Sollten Sie ein Instagram-Konto haben und angemeldet sein, werden diese Daten Ihrem pers\u00f6nlichen Konto und den darin gespeicherten Daten zugeordnet.<\/p>\n<p>Die Datenschutzrichtlinien, welche Informationen Instagram sammelt und wie sie diese verwenden finden Sie auf <a class=\"adsimple-321101998\" href=\"https:\/\/help.instagram.com\/519522125107875?tid=321101998\" target=\"_blank\" rel=\"noopener\">https:\/\/help.instagram.com\/519522125107875<\/a>.<\/p>\n\n\n<p><\/p>\n","protected":false},"excerpt":{"rendered":"<p>Impressum Informationspflicht laut \u00a7 5 TMG. Matthias Schumann Hirschweg 10,44869 Bochum,Deutschland Tel.: 017632507375E-Mail: info@orage-band.de Quelle: Erstellt&nbsp;mit dem Impressum Generator von AdSimple&nbsp;in Kooperation mit testingly.de EU-Streitschlichtung Gem\u00e4\u00df Verordnung \u00fcber Online-Streitbeilegung in Verbraucherangelegenheiten (ODR-Verordnung) m\u00f6chten wir Sie \u00fcber die Online-Streitbeilegungsplattform (OS-Plattform) informieren.Verbraucher haben die M\u00f6glichkeit, Beschwerden an die Online Streitbeilegungsplattform der Europ\u00e4ischen Kommission unter http:\/\/ec.europa.eu\/odr?tid=321101998 zu richten. [&hellip;]<\/p>\n","protected":false},"author":1,"featured_media":0,"parent":0,"menu_order":0,"comment_status":"closed","ping_status":"closed","template":"","meta":{"ngg_post_thumbnail":0,"footnotes":""},"_links":{"self":[{"href":"https:\/\/www.orage-band.de\/index.php?rest_route=\/wp\/v2\/pages\/11"}],"collection":[{"href":"https:\/\/www.orage-band.de\/index.php?rest_route=\/wp\/v2\/pages"}],"about":[{"href":"https:\/\/www.orage-band.de\/index.php?rest_route=\/wp\/v2\/types\/page"}],"author":[{"embeddable":true,"href":"https:\/\/www.orage-band.de\/index.php?rest_route=\/wp\/v2\/users\/1"}],"replies":[{"embeddable":true,"href":"https:\/\/www.orage-band.de\/index.php?rest_route=%2Fwp%2Fv2%2Fcomments&post=11"}],"version-history":[{"count":5,"href":"https:\/\/www.orage-band.de\/index.php?rest_route=\/wp\/v2\/pages\/11\/revisions"}],"predecessor-version":[{"id":854,"href":"https:\/\/www.orage-band.de\/index.php?rest_route=\/wp\/v2\/pages\/11\/revisions\/854"}],"wp:attachment":[{"href":"https:\/\/www.orage-band.de\/index.php?rest_route=%2Fwp%2Fv2%2Fmedia&parent=11"}],"curies":[{"name":"wp","href":"https:\/\/api.w.org\/{rel}","templated":true}]}}